{"id":764,"date":"2023-01-28T11:44:21","date_gmt":"2023-01-28T11:44:21","guid":{"rendered":"https:\/\/basktrianglefarms.com\/index.php\/cart\/"},"modified":"2024-02-27T14:51:00","modified_gmt":"2024-02-27T14:51:00","slug":"cart","status":"publish","type":"page","link":"https:\/\/basktrianglefarms.com\/index.php\/es\/cart\/","title":{"rendered":""},"content":{"rendered":"\t\t<div data-elementor-type=\"wp-page\" data-elementor-id=\"764\" class=\"elementor elementor-764\">\n\t\t\t\t\t\t<section class=\"elementor-section elementor-top-section elementor-element elementor-element-89ee3a4 elementor-section-boxed elementor-section-height-default elementor-section-height-default wpr-particle-no wpr-jarallax-no wpr-parallax-no wpr-sticky-section-no qodef-elementor-content-no\" data-id=\"89ee3a4\" data-element_type=\"section\" data-e-type=\"section\">\n\t\t\t\t\t\t<div class=\"elementor-container elementor-column-gap-default\">\n\t\t\t\t\t<div class=\"elementor-column elementor-col-100 elementor-top-column elementor-element elementor-element-0e6bd49\" data-id=\"0e6bd49\" data-element_type=\"column\" data-e-type=\"column\">\n\t\t\t<div class=\"elementor-widget-wrap elementor-element-populated\">\n\t\t\t\t\t\t<div class=\"elementor-element elementor-element-cba604d wpr-main-menu-align-left wpr-main-menu-align--tabletleft wpr-main-menu-align--mobileleft wpr-pointer-underline wpr-pointer-line-fx wpr-pointer-fx-fade wpr-sub-icon-caret-down wpr-sub-menu-fx-fade wpr-nav-menu-bp-mobile wpr-mobile-menu-full-width wpr-mobile-menu-item-align-center wpr-mobile-toggle-v1 wpr-sub-divider-yes wpr-mobile-divider-yes elementor-widget elementor-widget-wpr-nav-menu\" data-id=\"cba604d\" data-element_type=\"widget\" data-e-type=\"widget\" data-settings=\"{&quot;menu_layout&quot;:&quot;horizontal&quot;}\" data-widget_type=\"wpr-nav-menu.default\">\n\t\t\t\t<div class=\"elementor-widget-container\">\n\t\t\t\t\t<nav class=\"wpr-nav-menu-container wpr-nav-menu-horizontal\" data-trigger=\"hover\" data-consider-header=\"\" data-scroll-speed=\"500\"><ul id=\"menu-1-cba604d\" class=\"wpr-nav-menu\"><li class=\"menu-item menu-item-type-post_type menu-item-object-page menu-item-home menu-item-809\"><a href=\"https:\/\/basktrianglefarms.com\/index.php\/es\/home\/\" class=\"wpr-menu-item wpr-pointer-item\">Home<\/a><\/li>\n<li class=\"menu-item menu-item-type-post_type menu-item-object-page menu-item-1113\"><a href=\"https:\/\/basktrianglefarms.com\/index.php\/es\/sample-page\/\" class=\"wpr-menu-item wpr-pointer-item\">Tienda<\/a><\/li>\n<li class=\"menu-item menu-item-type-post_type menu-item-object-page menu-item-1316\"><a href=\"https:\/\/basktrianglefarms.com\/index.php\/es\/cupwon\/\" class=\"wpr-menu-item wpr-pointer-item\">Premios<\/a><\/li>\n<li class=\"menu-item menu-item-type-post_type menu-item-object-page menu-item-1070\"><a href=\"https:\/\/basktrianglefarms.com\/index.php\/es\/about\/\" class=\"wpr-menu-item wpr-pointer-item\">Nosotr@s<\/a><\/li>\n<li class=\"menu-item menu-item-type-post_type menu-item-object-page menu-item-1017\"><a href=\"https:\/\/basktrianglefarms.com\/index.php\/es\/contact\/\" class=\"wpr-menu-item wpr-pointer-item\">Contacto<\/a><\/li>\n<li class=\"menu-item menu-item-type-custom menu-item-object-custom menu-item-1710\"><a href=\"#pll_switcher\" class=\"wpr-menu-item wpr-pointer-item\">Idiomas<\/a><\/li>\n<li class=\"menu-item menu-item-type-custom menu-item-object-custom menu-item-1638\"><a href=\"https:\/\/basktrianglefarms.com\/index.php\/cart\/\" class=\"wpr-menu-item wpr-pointer-item\"><span class=\"dashicons dashicons-cart\"><\/span><\/a><\/li>\n<\/ul><\/nav><nav class=\"wpr-mobile-nav-menu-container\"><div class=\"wpr-mobile-toggle-wrap\"><div class=\"wpr-mobile-toggle\"><span class=\"wpr-mobile-toggle-line\"><\/span><span class=\"wpr-mobile-toggle-line\"><\/span><span class=\"wpr-mobile-toggle-line\"><\/span><\/div><\/div><ul id=\"mobile-menu-2-cba604d\" class=\"wpr-mobile-nav-menu\"><li class=\"menu-item menu-item-type-post_type menu-item-object-page menu-item-home menu-item-809\"><a href=\"https:\/\/basktrianglefarms.com\/index.php\/es\/home\/\" class=\"wpr-mobile-menu-item\">Home<\/a><\/li>\n<li class=\"menu-item menu-item-type-post_type menu-item-object-page menu-item-1113\"><a href=\"https:\/\/basktrianglefarms.com\/index.php\/es\/sample-page\/\" class=\"wpr-mobile-menu-item\">Tienda<\/a><\/li>\n<li class=\"menu-item menu-item-type-post_type menu-item-object-page menu-item-1316\"><a href=\"https:\/\/basktrianglefarms.com\/index.php\/es\/cupwon\/\" class=\"wpr-mobile-menu-item\">Premios<\/a><\/li>\n<li class=\"menu-item menu-item-type-post_type menu-item-object-page menu-item-1070\"><a href=\"https:\/\/basktrianglefarms.com\/index.php\/es\/about\/\" class=\"wpr-mobile-menu-item\">Nosotr@s<\/a><\/li>\n<li class=\"menu-item menu-item-type-post_type menu-item-object-page menu-item-1017\"><a href=\"https:\/\/basktrianglefarms.com\/index.php\/es\/contact\/\" class=\"wpr-mobile-menu-item\">Contacto<\/a><\/li>\n<li class=\"menu-item menu-item-type-custom menu-item-object-custom menu-item-1710\"><a href=\"#pll_switcher\" class=\"wpr-mobile-menu-item\">Idiomas<\/a><\/li>\n<li class=\"menu-item menu-item-type-custom menu-item-object-custom menu-item-1638\"><a href=\"https:\/\/basktrianglefarms.com\/index.php\/cart\/\" class=\"wpr-mobile-menu-item\"><span class=\"dashicons dashicons-cart\"><\/span><\/a><\/li>\n<\/ul><\/nav>\t\t\t\t<\/div>\n\t\t\t\t<\/div>\n\t\t\t\t\t<\/div>\n\t\t<\/div>\n\t\t\t\t\t<\/div>\n\t\t<\/section>\n\t\t\t\t<section class=\"elementor-section elementor-top-section elementor-element elementor-element-21816f3 elementor-section-boxed elementor-section-height-default elementor-section-height-default wpr-particle-no wpr-jarallax-no wpr-parallax-no wpr-sticky-section-no qodef-elementor-content-no\" data-id=\"21816f3\" data-element_type=\"section\" data-e-type=\"section\">\n\t\t\t\t\t\t<div class=\"elementor-container elementor-column-gap-default\">\n\t\t\t\t\t<div class=\"elementor-column elementor-col-100 elementor-top-column elementor-element elementor-element-6cb8a69\" data-id=\"6cb8a69\" data-element_type=\"column\" data-e-type=\"column\">\n\t\t\t<div class=\"elementor-widget-wrap elementor-element-populated\">\n\t\t\t\t\t\t<section class=\"elementor-section elementor-inner-section elementor-element elementor-element-d589c42 elementor-section-boxed elementor-section-height-default elementor-section-height-default wpr-particle-no wpr-jarallax-no wpr-parallax-no wpr-sticky-section-no qodef-elementor-content-no elementor-invisible\" data-id=\"d589c42\" data-element_type=\"section\" data-e-type=\"section\" data-settings=\"{&quot;animation&quot;:&quot;fadeInLeft&quot;}\">\n\t\t\t\t\t\t<div class=\"elementor-container elementor-column-gap-default\">\n\t\t\t\t\t<div class=\"elementor-column elementor-col-100 elementor-inner-column elementor-element elementor-element-d685f3a\" data-id=\"d685f3a\" data-element_type=\"column\" data-e-type=\"column\">\n\t\t\t<div class=\"elementor-widget-wrap elementor-element-populated\">\n\t\t\t\t\t\t<div class=\"elementor-element elementor-element-15ec54f elementor-widget elementor-widget-heading\" data-id=\"15ec54f\" data-element_type=\"widget\" data-e-type=\"widget\" data-widget_type=\"heading.default\">\n\t\t\t\t<div class=\"elementor-widget-container\">\n\t\t\t\t\t<h2 class=\"elementor-heading-title elementor-size-default\">CARRITO<\/h2>\t\t\t\t<\/div>\n\t\t\t\t<\/div>\n\t\t\t\t\t<\/div>\n\t\t<\/div>\n\t\t\t\t\t<\/div>\n\t\t<\/section>\n\t\t\t\t\t<\/div>\n\t\t<\/div>\n\t\t\t\t\t<\/div>\n\t\t<\/section>\n\t\t\t\t<section class=\"elementor-section elementor-top-section elementor-element elementor-element-7968d77 elementor-section-boxed elementor-section-height-default elementor-section-height-default wpr-particle-no wpr-jarallax-no wpr-parallax-no wpr-sticky-section-no qodef-elementor-content-no\" data-id=\"7968d77\" data-element_type=\"section\" data-e-type=\"section\">\n\t\t\t\t\t\t<div class=\"elementor-container elementor-column-gap-default\">\n\t\t\t\t\t<div class=\"elementor-column elementor-col-100 elementor-top-column elementor-element elementor-element-9803b89\" data-id=\"9803b89\" data-element_type=\"column\" data-e-type=\"column\">\n\t\t\t<div class=\"elementor-widget-wrap elementor-element-populated\">\n\t\t\t\t\t\t<div class=\"elementor-element elementor-element-6d1de45 elementor-widget elementor-widget-text-editor\" data-id=\"6d1de45\" data-element_type=\"widget\" data-e-type=\"widget\" data-widget_type=\"text-editor.default\">\n\t\t\t\t<div class=\"elementor-widget-container\">\n\t\t\t\t\t\t\t\t\t<p><b>DISCLAIMER<br \/><\/b>Como cliente de Bask Triangle Farms debe cumplir con los siguientes t\u00e9rminos y condiciones: Est\u00e1 estrictamente prohibido importar semillas de Bask Triangle Farms a pa\u00edses donde la posesi\u00f3n y\/o tr\u00e1fico de semillas de cannabis es ilegal. Enviamos nuestras semillas con la condici\u00f3n de que no sean utilizadas por personas que act\u00faen en conflicto con la ley aplicable en su pa\u00eds o regi\u00f3n. Bask Triangle Farms no desea inducir a nadie a actuar en conflicto con la ley. En algunos pa\u00edses est\u00e1 prohibido germinar semillas y las semillas solo se pueden comprar como souvenirs. Recomendamos encarecidamente a los clientes que se informen sobre las leyes locales aplicables a las que est\u00e1n sujetos antes de germinar sus semillas. Los clientes que compran semillas de Bask Triangle Farms son responsables de sus propias acciones en el futuro.<\/p>\t\t\t\t\t\t\t\t<\/div>\n\t\t\t\t<\/div>\n\t\t\t\t\t<\/div>\n\t\t<\/div>\n\t\t\t\t\t<\/div>\n\t\t<\/section>\n\t\t\t\t<section class=\"elementor-section elementor-top-section elementor-element elementor-element-3a209db elementor-section-boxed elementor-section-height-default elementor-section-height-default wpr-particle-no wpr-jarallax-no wpr-parallax-no wpr-sticky-section-no qodef-elementor-content-no\" data-id=\"3a209db\" data-element_type=\"section\" data-e-type=\"section\">\n\t\t\t\t\t\t<div class=\"elementor-container elementor-column-gap-default\">\n\t\t\t\t\t<div class=\"elementor-column elementor-col-100 elementor-top-column elementor-element elementor-element-df6a40c\" data-id=\"df6a40c\" data-element_type=\"column\" data-e-type=\"column\">\n\t\t\t<div class=\"elementor-widget-wrap elementor-element-populated\">\n\t\t\t\t\t\t\t<\/div>\n\t\t<\/div>\n\t\t\t\t\t<\/div>\n\t\t<\/section>\n\t\t\t\t<section class=\"elementor-section elementor-top-section elementor-element elementor-element-f585738 elementor-section-boxed elementor-section-height-default elementor-section-height-default wpr-particle-no wpr-jarallax-no wpr-parallax-no wpr-sticky-section-no qodef-elementor-content-no\" data-id=\"f585738\" data-element_type=\"section\" data-e-type=\"section\">\n\t\t\t\t\t\t<div class=\"elementor-container elementor-column-gap-default\">\n\t\t\t\t\t<div class=\"elementor-column elementor-col-100 elementor-top-column elementor-element elementor-element-e71a3ee\" data-id=\"e71a3ee\" data-element_type=\"column\" data-e-type=\"column\">\n\t\t\t<div class=\"elementor-widget-wrap elementor-element-populated\">\n\t\t\t\t\t\t<section class=\"elementor-section elementor-inner-section elementor-element elementor-element-2acb666 elementor-section-content-middle elementor-section-boxed elementor-section-height-default elementor-section-height-default wpr-particle-no wpr-jarallax-no wpr-parallax-no wpr-sticky-section-no qodef-elementor-content-no\" data-id=\"2acb666\" data-element_type=\"section\" data-e-type=\"section\" data-settings=\"{&quot;background_background&quot;:&quot;classic&quot;,&quot;animation&quot;:&quot;none&quot;}\">\n\t\t\t\t\t\t<div class=\"elementor-container elementor-column-gap-default\">\n\t\t\t\t\t<div class=\"elementor-column elementor-col-50 elementor-inner-column elementor-element elementor-element-b59cbd2 elementor-invisible\" data-id=\"b59cbd2\" data-element_type=\"column\" data-e-type=\"column\" data-settings=\"{&quot;animation&quot;:&quot;flash&quot;}\">\n\t\t\t<div class=\"elementor-widget-wrap elementor-element-populated\">\n\t\t\t\t\t\t<div class=\"elementor-element elementor-element-bb1165d elementor-widget__width-auto elementor-widget elementor-widget-button\" data-id=\"bb1165d\" data-element_type=\"widget\" data-e-type=\"widget\" data-widget_type=\"button.default\">\n\t\t\t\t<div class=\"elementor-widget-container\">\n\t\t\t\t\t\t\t\t\t<div class=\"elementor-button-wrapper\">\n\t\t\t\t\t<a class=\"elementor-button elementor-button-link elementor-size-xs\" href=\"#\" target=\"_blank\">\n\t\t\t\t\t\t<span class=\"elementor-button-content-wrapper\">\n\t\t\t\t\t\t<span class=\"elementor-button-icon\">\n\t\t\t\t<i aria-hidden=\"true\" class=\"fab fa-instagram\"><\/i>\t\t\t<\/span>\n\t\t\t\t\t\t\t\t<\/span>\n\t\t\t\t\t<\/a>\n\t\t\t\t<\/div>\n\t\t\t\t\t\t\t\t<\/div>\n\t\t\t\t<\/div>\n\t\t\t\t\t<\/div>\n\t\t<\/div>\n\t\t\t\t<div class=\"elementor-column elementor-col-50 elementor-inner-column elementor-element elementor-element-97f5efa elementor-invisible\" data-id=\"97f5efa\" data-element_type=\"column\" data-e-type=\"column\" data-settings=\"{&quot;animation&quot;:&quot;flash&quot;}\">\n\t\t\t<div class=\"elementor-widget-wrap elementor-element-populated\">\n\t\t\t\t\t\t<div class=\"elementor-element elementor-element-09a5396 elementor-widget__width-auto elementor-widget elementor-widget-button\" data-id=\"09a5396\" data-element_type=\"widget\" data-e-type=\"widget\" data-widget_type=\"button.default\">\n\t\t\t\t<div class=\"elementor-widget-container\">\n\t\t\t\t\t\t\t\t\t<div class=\"elementor-button-wrapper\">\n\t\t\t\t\t<a class=\"elementor-button elementor-button-link elementor-size-xs\" href=\"#\" target=\"_blank\">\n\t\t\t\t\t\t<span class=\"elementor-button-content-wrapper\">\n\t\t\t\t\t\t<span class=\"elementor-button-icon\">\n\t\t\t\t<i aria-hidden=\"true\" class=\"far fa-envelope\"><\/i>\t\t\t<\/span>\n\t\t\t\t\t\t\t\t<\/span>\n\t\t\t\t\t<\/a>\n\t\t\t\t<\/div>\n\t\t\t\t\t\t\t\t<\/div>\n\t\t\t\t<\/div>\n\t\t\t\t\t<\/div>\n\t\t<\/div>\n\t\t\t\t\t<\/div>\n\t\t<\/section>\n\t\t\t\t\t<\/div>\n\t\t<\/div>\n\t\t\t\t\t<\/div>\n\t\t<\/section>\n\t\t\t\t<\/div>\n\t\t","protected":false},"excerpt":{"rendered":"<p>Home Tienda Premios Nosotr@s Contacto Idiomas Home Tienda Premios Nosotr@s Contacto Idiomas CARRITO DISCLAIMERComo cliente de Bask Triangle Farms debe cumplir con los siguientes t\u00e9rminos y condiciones: Est\u00e1 estrictamente prohibido importar semillas de Bask Triangle Farms a pa\u00edses donde la posesi\u00f3n y\/o tr\u00e1fico de semillas de cannabis es ilegal. Enviamos nuestras semillas con la condici\u00f3n de que no sean utilizadas por personas que act\u00faen en conflicto con la ley aplicable en su pa\u00eds o regi\u00f3n. Bask Triangle Farms no desea inducir a nadie a actuar en conflicto con la ley. En algunos pa\u00edses est\u00e1 prohibido germinar semillas y las semillas solo se pueden comprar como souvenirs. Recomendamos encarecidamente a los clientes que se informen sobre las leyes locales aplicables a las que est\u00e1n sujetos antes de germinar sus semillas. Los clientes que compran semillas de Bask Triangle Farms son responsables de sus propias acciones en el futuro. &nbsp; Producto &nbsp; Precio Cantidad Subtotal &times; SMOGG Cantidad Semillas: 13 Curious Pack Talla: L Color: Berde &#36;100.00 SMOGG cantidad &#36;300.00 &times; SMOGG Cantidad Semillas: 13 Curious Pack Talla: M Color: Berde &#36;100.00 SMOGG cantidad &#36;100.00 Update Cart Apply coupon Cart Totals Subtotal &#36;400.00 Total &#36;400.00 Proceed to Checkout<\/p>\n","protected":false},"author":1,"featured_media":0,"parent":0,"menu_order":0,"comment_status":"closed","ping_status":"closed","template":"","meta":{"footnotes":""},"class_list":["post-764","page","type-page","status-publish"],"yoast_head":"<!-- This site is optimized with the Yoast SEO plugin v26.8 - https:\/\/yoast.com\/product\/yoast-seo-wordpress\/ -->\n<title>- Bask Triangle Farms<\/title>\n<meta name=\"robots\" content=\"index, follow, max-snippet:-1, max-image-preview:large, max-video-preview:-1\" \/>\n<link rel=\"canonical\" href=\"https:\/\/basktrianglefarms.com\/index.php\/es\/cart\/\" \/>\n<meta property=\"og:locale\" content=\"es_ES\" \/>\n<meta property=\"og:type\" content=\"article\" \/>\n<meta property=\"og:title\" content=\"- Bask Triangle Farms\" \/>\n<meta property=\"og:description\" content=\"Home Tienda Premios Nosotr@s Contacto Idiomas Home Tienda Premios Nosotr@s Contacto Idiomas CARRITO DISCLAIMERComo cliente de Bask Triangle Farms debe cumplir con los siguientes t\u00e9rminos y condiciones: Est\u00e1 estrictamente prohibido importar semillas de Bask Triangle Farms a pa\u00edses donde la posesi\u00f3n y\/o tr\u00e1fico de semillas de cannabis es ilegal. Enviamos nuestras semillas con la condici\u00f3n de que no sean utilizadas por personas que act\u00faen en conflicto con la ley aplicable en su pa\u00eds o regi\u00f3n. Bask Triangle Farms no desea inducir a nadie a actuar en conflicto con la ley. En algunos pa\u00edses est\u00e1 prohibido germinar semillas y las semillas solo se pueden comprar como souvenirs. Recomendamos encarecidamente a los clientes que se informen sobre las leyes locales aplicables a las que est\u00e1n sujetos antes de germinar sus semillas. Los clientes que compran semillas de Bask Triangle Farms son responsables de sus propias acciones en el futuro. &nbsp; Producto &nbsp; Precio Cantidad Subtotal &times; SMOGG Cantidad Semillas: 13 Curious Pack Talla: L Color: Berde &#036;100.00 SMOGG cantidad &#036;300.00 &times; SMOGG Cantidad Semillas: 13 Curious Pack Talla: M Color: Berde &#036;100.00 SMOGG cantidad &#036;100.00 Update Cart Apply coupon Cart Totals Subtotal &#036;400.00 Total &#036;400.00 Proceed to Checkout\" \/>\n<meta property=\"og:url\" content=\"https:\/\/basktrianglefarms.com\/index.php\/es\/cart\/\" \/>\n<meta property=\"og:site_name\" content=\"Bask Triangle Farms\" \/>\n<meta property=\"article:modified_time\" content=\"2024-02-27T14:51:00+00:00\" \/>\n<meta property=\"og:image\" content=\"http:\/\/basktrianglefarms.com\/wp-content\/uploads\/2023\/01\/PRODUCT-FAVICON-300x300.jpg\" \/>\n<meta name=\"twitter:card\" content=\"summary_large_image\" \/>\n<meta name=\"twitter:label1\" content=\"Tiempo de lectura\" \/>\n\t<meta name=\"twitter:data1\" content=\"2 minutos\" \/>\n<script type=\"application\/ld+json\" class=\"yoast-schema-graph\">{\"@context\":\"https:\/\/schema.org\",\"@graph\":[{\"@type\":\"WebPage\",\"@id\":\"https:\/\/basktrianglefarms.com\/index.php\/es\/cart\/\",\"url\":\"https:\/\/basktrianglefarms.com\/index.php\/es\/cart\/\",\"name\":\"- Bask Triangle Farms\",\"isPartOf\":{\"@id\":\"https:\/\/basktrianglefarms.com\/#website\"},\"primaryImageOfPage\":{\"@id\":\"https:\/\/basktrianglefarms.com\/index.php\/es\/cart\/#primaryimage\"},\"image\":{\"@id\":\"https:\/\/basktrianglefarms.com\/index.php\/es\/cart\/#primaryimage\"},\"thumbnailUrl\":\"http:\/\/basktrianglefarms.com\/wp-content\/uploads\/2023\/01\/PRODUCT-FAVICON-300x300.jpg\",\"datePublished\":\"2023-01-28T11:44:21+00:00\",\"dateModified\":\"2024-02-27T14:51:00+00:00\",\"inLanguage\":\"es\",\"potentialAction\":[{\"@type\":\"ReadAction\",\"target\":[\"https:\/\/basktrianglefarms.com\/index.php\/es\/cart\/\"]}]},{\"@type\":\"ImageObject\",\"inLanguage\":\"es\",\"@id\":\"https:\/\/basktrianglefarms.com\/index.php\/es\/cart\/#primaryimage\",\"url\":\"http:\/\/basktrianglefarms.com\/wp-content\/uploads\/2023\/01\/PRODUCT-FAVICON-300x300.jpg\",\"contentUrl\":\"http:\/\/basktrianglefarms.com\/wp-content\/uploads\/2023\/01\/PRODUCT-FAVICON-300x300.jpg\"},{\"@type\":\"WebSite\",\"@id\":\"https:\/\/basktrianglefarms.com\/#website\",\"url\":\"https:\/\/basktrianglefarms.com\/\",\"name\":\"Bask Triangle Farms\",\"description\":\"Coming Soon - Working\",\"publisher\":{\"@id\":\"https:\/\/basktrianglefarms.com\/#organization\"},\"potentialAction\":[{\"@type\":\"SearchAction\",\"target\":{\"@type\":\"EntryPoint\",\"urlTemplate\":\"https:\/\/basktrianglefarms.com\/?s={search_term_string}\"},\"query-input\":{\"@type\":\"PropertyValueSpecification\",\"valueRequired\":true,\"valueName\":\"search_term_string\"}}],\"inLanguage\":\"es\"},{\"@type\":\"Organization\",\"@id\":\"https:\/\/basktrianglefarms.com\/#organization\",\"name\":\"Bask Triangle Farms\",\"url\":\"https:\/\/basktrianglefarms.com\/\",\"logo\":{\"@type\":\"ImageObject\",\"inLanguage\":\"es\",\"@id\":\"https:\/\/basktrianglefarms.com\/#\/schema\/logo\/image\/\",\"url\":\"http:\/\/basktrianglefarms.com\/wp-content\/uploads\/2023\/01\/LOGO-WEB-Bask-Triangle-Farms-1.png\",\"contentUrl\":\"http:\/\/basktrianglefarms.com\/wp-content\/uploads\/2023\/01\/LOGO-WEB-Bask-Triangle-Farms-1.png\",\"width\":344,\"height\":264,\"caption\":\"Bask Triangle Farms\"},\"image\":{\"@id\":\"https:\/\/basktrianglefarms.com\/#\/schema\/logo\/image\/\"},\"sameAs\":[\"https:\/\/www.instagram.com\/basktrianglefarms\/\"]}]}<\/script>\n<!-- \/ Yoast SEO plugin. -->","yoast_head_json":{"title":"- Bask Triangle Farms","robots":{"index":"index","follow":"follow","max-snippet":"max-snippet:-1","max-image-preview":"max-image-preview:large","max-video-preview":"max-video-preview:-1"},"canonical":"https:\/\/basktrianglefarms.com\/index.php\/es\/cart\/","og_locale":"es_ES","og_type":"article","og_title":"- Bask Triangle Farms","og_description":"Home Tienda Premios Nosotr@s Contacto Idiomas Home Tienda Premios Nosotr@s Contacto Idiomas CARRITO DISCLAIMERComo cliente de Bask Triangle Farms debe cumplir con los siguientes t\u00e9rminos y condiciones: Est\u00e1 estrictamente prohibido importar semillas de Bask Triangle Farms a pa\u00edses donde la posesi\u00f3n y\/o tr\u00e1fico de semillas de cannabis es ilegal. Enviamos nuestras semillas con la condici\u00f3n de que no sean utilizadas por personas que act\u00faen en conflicto con la ley aplicable en su pa\u00eds o regi\u00f3n. Bask Triangle Farms no desea inducir a nadie a actuar en conflicto con la ley. En algunos pa\u00edses est\u00e1 prohibido germinar semillas y las semillas solo se pueden comprar como souvenirs. Recomendamos encarecidamente a los clientes que se informen sobre las leyes locales aplicables a las que est\u00e1n sujetos antes de germinar sus semillas. Los clientes que compran semillas de Bask Triangle Farms son responsables de sus propias acciones en el futuro. &nbsp; Producto &nbsp; Precio Cantidad Subtotal &times; SMOGG Cantidad Semillas: 13 Curious Pack Talla: L Color: Berde &#36;100.00 SMOGG cantidad &#36;300.00 &times; SMOGG Cantidad Semillas: 13 Curious Pack Talla: M Color: Berde &#36;100.00 SMOGG cantidad &#36;100.00 Update Cart Apply coupon Cart Totals Subtotal &#36;400.00 Total &#36;400.00 Proceed to Checkout","og_url":"https:\/\/basktrianglefarms.com\/index.php\/es\/cart\/","og_site_name":"Bask Triangle Farms","article_modified_time":"2024-02-27T14:51:00+00:00","og_image":[{"url":"http:\/\/basktrianglefarms.com\/wp-content\/uploads\/2023\/01\/PRODUCT-FAVICON-300x300.jpg","type":"","width":"","height":""}],"twitter_card":"summary_large_image","twitter_misc":{"Tiempo de lectura":"2 minutos"},"schema":{"@context":"https:\/\/schema.org","@graph":[{"@type":"WebPage","@id":"https:\/\/basktrianglefarms.com\/index.php\/es\/cart\/","url":"https:\/\/basktrianglefarms.com\/index.php\/es\/cart\/","name":"- Bask Triangle Farms","isPartOf":{"@id":"https:\/\/basktrianglefarms.com\/#website"},"primaryImageOfPage":{"@id":"https:\/\/basktrianglefarms.com\/index.php\/es\/cart\/#primaryimage"},"image":{"@id":"https:\/\/basktrianglefarms.com\/index.php\/es\/cart\/#primaryimage"},"thumbnailUrl":"http:\/\/basktrianglefarms.com\/wp-content\/uploads\/2023\/01\/PRODUCT-FAVICON-300x300.jpg","datePublished":"2023-01-28T11:44:21+00:00","dateModified":"2024-02-27T14:51:00+00:00","inLanguage":"es","potentialAction":[{"@type":"ReadAction","target":["https:\/\/basktrianglefarms.com\/index.php\/es\/cart\/"]}]},{"@type":"ImageObject","inLanguage":"es","@id":"https:\/\/basktrianglefarms.com\/index.php\/es\/cart\/#primaryimage","url":"http:\/\/basktrianglefarms.com\/wp-content\/uploads\/2023\/01\/PRODUCT-FAVICON-300x300.jpg","contentUrl":"http:\/\/basktrianglefarms.com\/wp-content\/uploads\/2023\/01\/PRODUCT-FAVICON-300x300.jpg"},{"@type":"WebSite","@id":"https:\/\/basktrianglefarms.com\/#website","url":"https:\/\/basktrianglefarms.com\/","name":"Bask Triangle Farms","description":"Coming Soon - Working","publisher":{"@id":"https:\/\/basktrianglefarms.com\/#organization"},"potentialAction":[{"@type":"SearchAction","target":{"@type":"EntryPoint","urlTemplate":"https:\/\/basktrianglefarms.com\/?s={search_term_string}"},"query-input":{"@type":"PropertyValueSpecification","valueRequired":true,"valueName":"search_term_string"}}],"inLanguage":"es"},{"@type":"Organization","@id":"https:\/\/basktrianglefarms.com\/#organization","name":"Bask Triangle Farms","url":"https:\/\/basktrianglefarms.com\/","logo":{"@type":"ImageObject","inLanguage":"es","@id":"https:\/\/basktrianglefarms.com\/#\/schema\/logo\/image\/","url":"http:\/\/basktrianglefarms.com\/wp-content\/uploads\/2023\/01\/LOGO-WEB-Bask-Triangle-Farms-1.png","contentUrl":"http:\/\/basktrianglefarms.com\/wp-content\/uploads\/2023\/01\/LOGO-WEB-Bask-Triangle-Farms-1.png","width":344,"height":264,"caption":"Bask Triangle Farms"},"image":{"@id":"https:\/\/basktrianglefarms.com\/#\/schema\/logo\/image\/"},"sameAs":["https:\/\/www.instagram.com\/basktrianglefarms\/"]}]}},"_links":{"self":[{"href":"https:\/\/basktrianglefarms.com\/index.php\/wp-json\/wp\/v2\/pages\/764","targetHints":{"allow":["GET"]}}],"collection":[{"href":"https:\/\/basktrianglefarms.com\/index.php\/wp-json\/wp\/v2\/pages"}],"about":[{"href":"https:\/\/basktrianglefarms.com\/index.php\/wp-json\/wp\/v2\/types\/page"}],"author":[{"embeddable":true,"href":"https:\/\/basktrianglefarms.com\/index.php\/wp-json\/wp\/v2\/users\/1"}],"replies":[{"embeddable":true,"href":"https:\/\/basktrianglefarms.com\/index.php\/wp-json\/wp\/v2\/comments?post=764"}],"version-history":[{"count":22,"href":"https:\/\/basktrianglefarms.com\/index.php\/wp-json\/wp\/v2\/pages\/764\/revisions"}],"predecessor-version":[{"id":2619,"href":"https:\/\/basktrianglefarms.com\/index.php\/wp-json\/wp\/v2\/pages\/764\/revisions\/2619"}],"wp:attachment":[{"href":"https:\/\/basktrianglefarms.com\/index.php\/wp-json\/wp\/v2\/media?parent=764"}],"curies":[{"name":"wp","href":"https:\/\/api.w.org\/{rel}","templated":true}]}}